{"id":11,"date":"2025-10-14T13:13:46","date_gmt":"2025-10-14T13:13:46","guid":{"rendered":"https:\/\/puneva.com\/nakliyat\/?page_id=11"},"modified":"2025-10-15T00:11:57","modified_gmt":"2025-10-15T00:11:57","slug":"hakkimizda","status":"publish","type":"page","link":"https:\/\/puneva.com\/nakliyat\/hakkimizda\/","title":{"rendered":"Hakk\u0131m\u0131zda"},"content":{"rendered":"\t\t<div data-elementor-type=\"wp-page\" data-elementor-id=\"11\" class=\"elementor elementor-11\" data-elementor-post-type=\"page\">\n\t\t\t\t\t\t<section class=\"elementor-section elementor-top-section elementor-element elementor-element-bfb655f elementor-section-boxed elementor-section-height-default elementor-section-height-default\" data-id=\"bfb655f\" data-element_type=\"section\" data-settings=\"{&quot;background_background&quot;:&quot;gradient&quot;}\">\n\t\t\t\t\t\t<div class=\"elementor-container elementor-column-gap-default\">\n\t\t\t\t\t<div class=\"elementor-column elementor-col-100 elementor-top-column elementor-element elementor-element-46b04f67\" data-id=\"46b04f67\" data-element_type=\"column\">\n\t\t\t<div class=\"elementor-widget-wrap elementor-element-populated\">\n\t\t\t\t\t\t\t<\/div>\n\t\t<\/div>\n\t\t\t\t\t<\/div>\n\t\t<\/section>\n\t\t\t\t<section class=\"elementor-section elementor-top-section elementor-element elementor-element-c72ce4b elementor-section-boxed elementor-section-height-default elementor-section-height-default\" data-id=\"c72ce4b\" data-element_type=\"section\">\n\t\t\t\t\t\t<div class=\"elementor-container elementor-column-gap-default\">\n\t\t\t\t\t<div class=\"elementor-column elementor-col-100 elementor-top-column elementor-element elementor-element-1db892d\" data-id=\"1db892d\" data-element_type=\"column\">\n\t\t\t<div class=\"elementor-widget-wrap elementor-element-populated\">\n\t\t\t\t\t\t<div class=\"elementor-element elementor-element-ae2fc5d elementor-widget elementor-widget-han-about-detail\" data-id=\"ae2fc5d\" data-element_type=\"widget\" data-widget_type=\"han-about-detail.default\">\n\t\t\t\t<div class=\"elementor-widget-container\">\n\t\t\t\t\t<section class=\"han-ad\" role=\"region\" aria-label=\"Hakk\u0131m\u0131zda Detay\"><div class=\"han-ad__intro\"><div class=\"han-ad__intro-left\"><div class=\"han-ad__kicker\">Neden bizi se\u00e7melisiniz?<\/div><h2 class=\"han-ad__title\">Ola\u011fan\u00fcst\u00fc hizmet ve<br \/>\n g\u00fcvenilir uzmanl\u0131k<\/h2><div class=\"han-ad__desc\">\u015eehir i\u00e7i\/\u015fehirleraras\u0131, asans\u00f6rl\u00fc ve sigortal\u0131 nakliyede profesyonel ekibimizle yan\u0131n\u0131zday\u0131z.<\/div><ul class=\"han-ad__list\"><li><span class=\"han-ad__ico\" aria-hidden=\"true\"><i class=\"fa-solid fa-circle-check\"><\/i><\/span><span class=\"han-ad__list-text\">Deneyimli profesyoneller<\/span><\/li><li><span class=\"han-ad__ico\" aria-hidden=\"true\"><i class=\"fa-solid fa-circle-check\"><\/i><\/span><span class=\"han-ad__list-text\">M\u00fc\u015fteri memnuniyeti<\/span><\/li><li><span class=\"han-ad__ico\" aria-hidden=\"true\"><i class=\"fa-solid fa-circle-check\"><\/i><\/span><span class=\"han-ad__list-text\">Uygun fiyatland\u0131rma<\/span><\/li><li><span class=\"han-ad__ico\" aria-hidden=\"true\"><i class=\"fa-solid fa-circle-check\"><\/i><\/span><span class=\"han-ad__list-text\">Zaman\u0131nda Teslimat<\/span><\/li><li><span class=\"han-ad__ico\" aria-hidden=\"true\"><i class=\"fa-solid fa-circle-check\"><\/i><\/span><span class=\"han-ad__list-text\">Sigortal\u0131 Hizmet<\/span><\/li><li><span class=\"han-ad__ico\" aria-hidden=\"true\"><i class=\"fa-solid fa-circle-check\"><\/i><\/span><span class=\"han-ad__list-text\">G\u00fcvenilir Paketleme<\/span><\/li><li><span class=\"han-ad__ico\" aria-hidden=\"true\"><i class=\"fa-solid fa-circle-check\"><\/i><\/span><span class=\"han-ad__list-text\">Asans\u00f6rl\u00fc Nakliyat<\/span><\/li><li><span class=\"han-ad__ico\" aria-hidden=\"true\"><i class=\"fa-solid fa-circle-check\"><\/i><\/span><span class=\"han-ad__list-text\">Depolama Hizmeti<\/span><\/li><\/ul><\/div><div class=\"han-ad__intro-right\"><div class=\"han-ad__img\"><img decoding=\"async\" src=\"https:\/\/puneva.com\/nakliyat\/wp-content\/uploads\/2025\/10\/Main-Footer-Gallery-2.jpg\" alt=\"\" loading=\"lazy\"><\/div><\/div><\/div><div class=\"han-ad__timeline\"><h3 class=\"han-ad__tl-title\">\u015eirket ba\u015far\u0131lar\u0131m\u0131z zaman \u00e7izelgesi<\/h3><div class=\"han-ad__tl-grid\"><div class=\"han-ad__tl-item han-ad__tl-item--left\"><div class=\"han-ad__card\"><div class=\"han-ad__tl-ico\"><i class=\"fa-solid fa-box\"><\/i><\/div><div class=\"han-ad__tl-body\"><div class=\"han-ad__tl-date\">Ocak 2010<\/div><div class=\"han-ad__tl-head\">\u015eirket kuruldu<\/div><div class=\"han-ad__tl-text\">Nakliyata ba\u015flad\u0131k.<\/div><\/div><\/div><\/div><div class=\"han-ad__tl-item han-ad__tl-item--right\"><div class=\"han-ad__card\"><div class=\"han-ad__tl-ico\"><i class=\"fa-solid fa-box\"><\/i><\/div><div class=\"han-ad__tl-body\"><div class=\"han-ad__tl-date\">\u015eubat 2015<\/div><div class=\"han-ad__tl-head\">Filo y\u00fckseltmesi<\/div><div class=\"han-ad__tl-text\">Ara\u00e7 filomuzu yeniledik.<\/div><\/div><\/div><\/div><div class=\"han-ad__tl-item han-ad__tl-item--left\"><div class=\"han-ad__card\"><div class=\"han-ad__tl-ico\"><i class=\"fa-solid fa-box\"><\/i><\/div><div class=\"han-ad__tl-body\"><div class=\"han-ad__tl-date\">Eyl\u00fcl 2020<\/div><div class=\"han-ad__tl-head\">Hizmetlerin geni\u015flemesi<\/div><div class=\"han-ad__tl-text\">Paketleme ve depolama eklendi.<\/div><\/div><\/div><\/div><div class=\"han-ad__tl-item han-ad__tl-item--right\"><div class=\"han-ad__card\"><div class=\"han-ad__tl-ico\"><i class=\"fa-solid fa-box\"><\/i><\/div><div class=\"han-ad__tl-body\"><div class=\"han-ad__tl-date\">Haziran 2024<\/div><div class=\"han-ad__tl-head\">5000+ mutlu m\u00fc\u015fteri<\/div><div class=\"han-ad__tl-text\">M\u00fc\u015fteri memnuniyeti rekoru.<\/div><\/div><\/div><\/div><\/div><\/div><div class=\"han-ad__cta-list\"><div class=\"han-ad__cta-col\"><h3 class=\"han-ad__cta-title\">Bir par\u00e7as\u0131 olma f\u0131rsat\u0131 \u2013 dinamik tak\u0131m\u0131z<\/h3><div class=\"han-ad__cta-desc\">Kaliteli hizmet ve g\u00fcveni birlikte b\u00fcy\u00fctelim.<\/div><a class=\"han-ad__btn\" href=\"https:\/\/puneva.com\/nakliyat\/\">Bizi aray\u0131n<\/a><\/div><div class=\"han-ad__list-col\"><\/div><\/div><\/section>\t\t\t\t<\/div>\n\t\t\t\t<\/div>\n\t\t\t\t\t<\/div>\n\t\t<\/div>\n\t\t\t\t\t<\/div>\n\t\t<\/section>\n\t\t\t\t<\/div>\n\t\t","protected":false},"excerpt":{"rendered":"<p>Neden bizi se\u00e7melisiniz? Ola\u011fan\u00fcst\u00fc hizmet ve g\u00fcvenilir uzmanl\u0131k \u015eehir i\u00e7i\/\u015fehirleraras\u0131, asans\u00f6rl\u00fc ve sigortal\u0131 nakliyede profesyonel ekibimizle yan\u0131n\u0131zday\u0131z. Deneyimli profesyoneller M\u00fc\u015fteri memnuniyeti Uygun fiyatland\u0131rma Zaman\u0131nda Teslimat Sigortal\u0131 Hizmet G\u00fcvenilir Paketleme Asans\u00f6rl\u00fc Nakliyat Depolama Hizmeti \u015eirket ba\u015far\u0131lar\u0131m\u0131z zaman \u00e7izelgesi Ocak 2010\u015eirket kurulduNakliyata ba\u015flad\u0131k.\u015eubat 2015Filo y\u00fckseltmesiAra\u00e7 filomuzu yeniledik.Eyl\u00fcl 2020Hizmetlerin geni\u015flemesiPaketleme ve depolama eklendi.Haziran 20245000+ mutlu m\u00fc\u015fteriM\u00fc\u015fteri memnuniyeti rekoru. [&hellip;]<\/p>\n","protected":false},"author":1,"featured_media":0,"parent":0,"menu_order":0,"comment_status":"closed","ping_status":"closed","template":"elementor_header_footer","meta":{"footnotes":""},"class_list":["post-11","page","type-page","status-publish","hentry"],"_links":{"self":[{"href":"https:\/\/puneva.com\/nakliyat\/wp-json\/wp\/v2\/pages\/11","targetHints":{"allow":["GET"]}}],"collection":[{"href":"https:\/\/puneva.com\/nakliyat\/wp-json\/wp\/v2\/pages"}],"about":[{"href":"https:\/\/puneva.com\/nakliyat\/wp-json\/wp\/v2\/types\/page"}],"author":[{"embeddable":true,"href":"https:\/\/puneva.com\/nakliyat\/wp-json\/wp\/v2\/users\/1"}],"replies":[{"embeddable":true,"href":"https:\/\/puneva.com\/nakliyat\/wp-json\/wp\/v2\/comments?post=11"}],"version-history":[{"count":0,"href":"https:\/\/puneva.com\/nakliyat\/wp-json\/wp\/v2\/pages\/11\/revisions"}],"wp:attachment":[{"href":"https:\/\/puneva.com\/nakliyat\/wp-json\/wp\/v2\/media?parent=11"}],"curies":[{"name":"wp","href":"https:\/\/api.w.org\/{rel}","templated":true}]}}