{"id":12,"date":"2025-10-14T13:13:46","date_gmt":"2025-10-14T13:13:46","guid":{"rendered":"https:\/\/puneva.com\/nakliyat\/?page_id=12"},"modified":"2025-10-15T01:52:21","modified_gmt":"2025-10-15T01:52:21","slug":"hizmetlerimiz","status":"publish","type":"page","link":"https:\/\/puneva.com\/nakliyat\/hizmetlerimiz\/","title":{"rendered":"Hizmetlerimiz"},"content":{"rendered":"\t\t<div data-elementor-type=\"wp-page\" data-elementor-id=\"12\" class=\"elementor elementor-12\" data-elementor-post-type=\"page\">\n\t\t\t\t\t\t<section class=\"elementor-section elementor-top-section elementor-element elementor-element-4584f538 elementor-section-boxed elementor-section-height-default elementor-section-height-default\" data-id=\"4584f538\" data-element_type=\"section\" data-settings=\"{&quot;background_background&quot;:&quot;gradient&quot;}\">\n\t\t\t\t\t\t<div class=\"elementor-container elementor-column-gap-default\">\n\t\t\t\t\t<div class=\"elementor-column elementor-col-100 elementor-top-column elementor-element elementor-element-61978f73\" data-id=\"61978f73\" data-element_type=\"column\">\n\t\t\t<div class=\"elementor-widget-wrap elementor-element-populated\">\n\t\t\t\t\t\t\t<\/div>\n\t\t<\/div>\n\t\t\t\t\t<\/div>\n\t\t<\/section>\n\t\t\t\t<section class=\"elementor-section elementor-top-section elementor-element elementor-element-c9cde80 elementor-section-boxed elementor-section-height-default elementor-section-height-default\" data-id=\"c9cde80\" data-element_type=\"section\">\n\t\t\t\t\t\t<div class=\"elementor-container elementor-column-gap-default\">\n\t\t\t\t\t<div class=\"elementor-column elementor-col-100 elementor-top-column elementor-element elementor-element-f7ffa64\" data-id=\"f7ffa64\" data-element_type=\"column\">\n\t\t\t<div class=\"elementor-widget-wrap elementor-element-populated\">\n\t\t\t\t\t\t<div class=\"elementor-element elementor-element-7bc6f3e elementor-widget elementor-widget-han-blog-cards\" data-id=\"7bc6f3e\" data-element_type=\"widget\" data-widget_type=\"han-blog-cards.default\">\n\t\t\t\t<div class=\"elementor-widget-container\">\n\t\t\t\t\t<div class=\"han-blog-cards\" role=\"list\"><article class=\"han-card\" role=\"listitem\"><a class=\"han-card__media\" href=\"https:\/\/puneva.com\/nakliyat\/2025\/10\/14\/parca-esya-tasima\/\" aria-label=\"Han Par\u00e7a E\u015fya Ta\u015f\u0131ma\"><img decoding=\"async\" src=\"https:\/\/puneva.com\/nakliyat\/wp-content\/uploads\/2025\/10\/asansorlu-nakliyat.jpg\" alt=\"Han Par\u00e7a E\u015fya Ta\u015f\u0131ma\" loading=\"lazy\" \/><span class=\"han-card__badge\">Hizmetler<\/span><\/a><h3 class=\"han-card__title\"><a href=\"https:\/\/puneva.com\/nakliyat\/2025\/10\/14\/parca-esya-tasima\/\">Han Par\u00e7a E\u015fya Ta\u015f\u0131ma<\/a><\/h3><\/article><article class=\"han-card\" role=\"listitem\"><a class=\"han-card__media\" href=\"https:\/\/puneva.com\/nakliyat\/2025\/10\/14\/degerli-esya-tasima\/\" aria-label=\"Han De\u011ferli E\u015fya Ta\u015f\u0131ma\"><img decoding=\"async\" src=\"https:\/\/puneva.com\/nakliyat\/wp-content\/uploads\/2025\/10\/Main-Footer-Gallery-2.jpg\" alt=\"Han De\u011ferli E\u015fya Ta\u015f\u0131ma\" loading=\"lazy\" \/><span class=\"han-card__badge\">Hizmetler<\/span><\/a><h3 class=\"han-card__title\"><a href=\"https:\/\/puneva.com\/nakliyat\/2025\/10\/14\/degerli-esya-tasima\/\">Han De\u011ferli E\u015fya Ta\u015f\u0131ma<\/a><\/h3><\/article><article class=\"han-card\" role=\"listitem\"><a class=\"han-card__media\" href=\"https:\/\/puneva.com\/nakliyat\/2025\/10\/14\/para-kasasi-tasima\/\" aria-label=\"Han Para Kasas\u0131 Ta\u015f\u0131ma\"><img decoding=\"async\" src=\"https:\/\/puneva.com\/nakliyat\/wp-content\/uploads\/2025\/10\/sl2-2-1024x366.jpg\" alt=\"Han Para Kasas\u0131 Ta\u015f\u0131ma\" loading=\"lazy\" \/><span class=\"han-card__badge\">Hizmetler<\/span><\/a><h3 class=\"han-card__title\"><a href=\"https:\/\/puneva.com\/nakliyat\/2025\/10\/14\/para-kasasi-tasima\/\">Han Para Kasas\u0131 Ta\u015f\u0131ma<\/a><\/h3><\/article><article class=\"han-card\" role=\"listitem\"><a class=\"han-card__media\" href=\"https:\/\/puneva.com\/nakliyat\/2025\/10\/14\/sehir-ici-nakliye\/\" aria-label=\"Han \u015eehir i\u00e7i Nakliye\"><img decoding=\"async\" src=\"https:\/\/puneva.com\/nakliyat\/wp-content\/uploads\/2025\/10\/moving-truck.jpg\" alt=\"Han \u015eehir i\u00e7i Nakliye\" loading=\"lazy\" \/><span class=\"han-card__badge\">Hizmetler<\/span><\/a><h3 class=\"han-card__title\"><a href=\"https:\/\/puneva.com\/nakliyat\/2025\/10\/14\/sehir-ici-nakliye\/\">Han \u015eehir i\u00e7i Nakliye<\/a><\/h3><\/article><article class=\"han-card\" role=\"listitem\"><a class=\"han-card__media\" href=\"https:\/\/puneva.com\/nakliyat\/2025\/10\/14\/sehirlerarasi-nakliye\/\" aria-label=\"Han \u015eehirleraras\u0131 Nakliye\"><img decoding=\"async\" src=\"https:\/\/puneva.com\/nakliyat\/wp-content\/uploads\/2025\/10\/blog-05-1024x609.jpg\" alt=\"Han \u015eehirleraras\u0131 Nakliye\" loading=\"lazy\" \/><span class=\"han-card__badge\">Hizmetler<\/span><\/a><h3 class=\"han-card__title\"><a href=\"https:\/\/puneva.com\/nakliyat\/2025\/10\/14\/sehirlerarasi-nakliye\/\">Han \u015eehirleraras\u0131 Nakliye<\/a><\/h3><\/article><article class=\"han-card\" role=\"listitem\"><a class=\"han-card__media\" href=\"https:\/\/puneva.com\/nakliyat\/2025\/10\/14\/kurumsal-nakliye\/\" aria-label=\"Han Kurumsal Nakliye\"><img decoding=\"async\" src=\"https:\/\/puneva.com\/nakliyat\/wp-content\/uploads\/2025\/10\/sl2-1-1.jpg\" alt=\"Han Kurumsal Nakliye\" loading=\"lazy\" \/><span class=\"han-card__badge\">Hizmetler<\/span><\/a><h3 class=\"han-card__title\"><a href=\"https:\/\/puneva.com\/nakliyat\/2025\/10\/14\/kurumsal-nakliye\/\">Han Kurumsal Nakliye<\/a><\/h3><\/article><article class=\"han-card\" role=\"listitem\"><a class=\"han-card__media\" href=\"https:\/\/puneva.com\/nakliyat\/2025\/10\/14\/fabrika-tasima\/\" aria-label=\"Han Fabrika Ta\u015f\u0131ma\"><img decoding=\"async\" src=\"https:\/\/puneva.com\/nakliyat\/wp-content\/uploads\/2025\/10\/nak18.jpg\" alt=\"Han Fabrika Ta\u015f\u0131ma\" loading=\"lazy\" \/><span class=\"han-card__badge\">Hizmetler<\/span><\/a><h3 class=\"han-card__title\"><a href=\"https:\/\/puneva.com\/nakliyat\/2025\/10\/14\/fabrika-tasima\/\">Han Fabrika Ta\u015f\u0131ma<\/a><\/h3><\/article><article class=\"han-card\" role=\"listitem\"><a class=\"han-card__media\" href=\"https:\/\/puneva.com\/nakliyat\/2025\/10\/14\/evden-eve-nakliyat\/\" aria-label=\"Han Evden Eve Nakliyat\"><img decoding=\"async\" src=\"https:\/\/puneva.com\/nakliyat\/wp-content\/uploads\/2025\/10\/moving_house-1024x683.jpg\" alt=\"Han Evden Eve Nakliyat\" loading=\"lazy\" \/><span class=\"han-card__badge\">Hizmetler<\/span><\/a><h3 class=\"han-card__title\"><a href=\"https:\/\/puneva.com\/nakliyat\/2025\/10\/14\/evden-eve-nakliyat\/\">Han Evden Eve Nakliyat<\/a><\/h3><\/article><article class=\"han-card\" role=\"listitem\"><a class=\"han-card__media\" href=\"https:\/\/puneva.com\/nakliyat\/2025\/10\/14\/ofis-tasima\/\" aria-label=\"Han Ofis Ta\u015f\u0131ma\"><img decoding=\"async\" src=\"https:\/\/puneva.com\/nakliyat\/wp-content\/uploads\/2025\/10\/4be145e788ef427a94a60c7361a513b0-1024x576.jpg\" alt=\"Han Ofis Ta\u015f\u0131ma\" loading=\"lazy\" \/><span class=\"han-card__badge\">Hizmetler<\/span><\/a><h3 class=\"han-card__title\"><a href=\"https:\/\/puneva.com\/nakliyat\/2025\/10\/14\/ofis-tasima\/\">Han Ofis Ta\u015f\u0131ma<\/a><\/h3><\/article><article class=\"han-card\" role=\"listitem\"><a class=\"han-card__media\" href=\"https:\/\/puneva.com\/nakliyat\/2025\/10\/14\/asansorlu-nakliyat\/\" aria-label=\"Han Asans\u00f6rl\u00fc Nakliyat\"><img decoding=\"async\" src=\"https:\/\/puneva.com\/nakliyat\/wp-content\/uploads\/2025\/10\/asansorlu-nakliyat.jpg\" alt=\"Han Asans\u00f6rl\u00fc Nakliyat\" loading=\"lazy\" \/><span class=\"han-card__badge\">Hizmetler<\/span><\/a><h3 class=\"han-card__title\"><a href=\"https:\/\/puneva.com\/nakliyat\/2025\/10\/14\/asansorlu-nakliyat\/\">Han Asans\u00f6rl\u00fc Nakliyat<\/a><\/h3><\/article><\/div>\t\t\t\t<\/div>\n\t\t\t\t<\/div>\n\t\t\t\t\t<\/div>\n\t\t<\/div>\n\t\t\t\t\t<\/div>\n\t\t<\/section>\n\t\t\t\t<\/div>\n\t\t","protected":false},"excerpt":{"rendered":"<p>Hizmetler Han Kurumsal Nakliye Hizmetler Han Fabrika Ta\u015f\u0131ma Hizmetler Han Evden Eve Nakliyat Hizmetler Han Ofis Ta\u015f\u0131ma Hizmetler Han Asans\u00f6rl\u00fc Nakliyat Hizmetler Han Par\u00e7a E\u015fya Ta\u015f\u0131ma Hizmetler Han De\u011ferli E\u015fya Ta\u015f\u0131ma Hizmetler Han Para Kasas\u0131 Ta\u015f\u0131ma Hizmetler Han \u015eehir i\u00e7i Nakliye Hizmetler Han \u015eehirleraras\u0131 Nakliye<\/p>\n","protected":false},"author":1,"featured_media":0,"parent":0,"menu_order":0,"comment_status":"closed","ping_status":"closed","template":"elementor_header_footer","meta":{"footnotes":""},"class_list":["post-12","page","type-page","status-publish","hentry"],"_links":{"self":[{"href":"https:\/\/puneva.com\/nakliyat\/wp-json\/wp\/v2\/pages\/12","targetHints":{"allow":["GET"]}}],"collection":[{"href":"https:\/\/puneva.com\/nakliyat\/wp-json\/wp\/v2\/pages"}],"about":[{"href":"https:\/\/puneva.com\/nakliyat\/wp-json\/wp\/v2\/types\/page"}],"author":[{"embeddable":true,"href":"https:\/\/puneva.com\/nakliyat\/wp-json\/wp\/v2\/users\/1"}],"replies":[{"embeddable":true,"href":"https:\/\/puneva.com\/nakliyat\/wp-json\/wp\/v2\/comments?post=12"}],"version-history":[{"count":0,"href":"https:\/\/puneva.com\/nakliyat\/wp-json\/wp\/v2\/pages\/12\/revisions"}],"wp:attachment":[{"href":"https:\/\/puneva.com\/nakliyat\/wp-json\/wp\/v2\/media?parent=12"}],"curies":[{"name":"wp","href":"https:\/\/api.w.org\/{rel}","templated":true}]}}