{"id":14,"date":"2025-10-14T13:13:46","date_gmt":"2025-10-14T13:13:46","guid":{"rendered":"https:\/\/puneva.com\/nakliyat\/?page_id=14"},"modified":"2025-10-15T01:47:57","modified_gmt":"2025-10-15T01:47:57","slug":"musteri-yorumalri","status":"publish","type":"page","link":"https:\/\/puneva.com\/nakliyat\/musteri-yorumalri\/","title":{"rendered":"M\u00fc\u015fteri Yorumlar\u0131"},"content":{"rendered":"\t\t<div data-elementor-type=\"wp-page\" data-elementor-id=\"14\" class=\"elementor elementor-14\" data-elementor-post-type=\"page\">\n\t\t\t\t\t\t<section class=\"elementor-section elementor-top-section elementor-element elementor-element-80c701b elementor-section-boxed elementor-section-height-default elementor-section-height-default\" data-id=\"80c701b\" data-element_type=\"section\" data-settings=\"{&quot;background_background&quot;:&quot;gradient&quot;}\">\n\t\t\t\t\t\t<div class=\"elementor-container elementor-column-gap-default\">\n\t\t\t\t\t<div class=\"elementor-column elementor-col-100 elementor-top-column elementor-element elementor-element-4bd78ba\" data-id=\"4bd78ba\" data-element_type=\"column\">\n\t\t\t<div class=\"elementor-widget-wrap elementor-element-populated\">\n\t\t\t\t\t\t\t<\/div>\n\t\t<\/div>\n\t\t\t\t\t<\/div>\n\t\t<\/section>\n\t\t\t\t<section class=\"elementor-section elementor-top-section elementor-element elementor-element-6ab8396 elementor-section-boxed elementor-section-height-default elementor-section-height-default\" data-id=\"6ab8396\" data-element_type=\"section\">\n\t\t\t\t\t\t<div class=\"elementor-container elementor-column-gap-default\">\n\t\t\t\t\t<div class=\"elementor-column elementor-col-100 elementor-top-column elementor-element elementor-element-a623a75\" data-id=\"a623a75\" data-element_type=\"column\">\n\t\t\t<div class=\"elementor-widget-wrap elementor-element-populated\">\n\t\t\t\t\t\t<div class=\"elementor-element elementor-element-0e3cc78 elementor-widget elementor-widget-hnr_reviews\" data-id=\"0e3cc78\" data-element_type=\"widget\" data-widget_type=\"hnr_reviews.default\">\n\t\t\t\t<div class=\"elementor-widget-container\">\n\t\t\t\t\t<div class=\"hnr-grid\"><article class=\"hnr-card\" itemscope itemtype=\"https:\/\/schema.org\/Review\">\n\t<div class=\"hnr-top\">\n\t\t<div class=\"hnr-avatar\"><img loading=\"lazy\" width=\"133\" height=\"200\" src=\"https:\/\/puneva.com\/nakliyat\/wp-content\/uploads\/2025\/10\/E1139EUA.jpeg\" class=\"hnr-avatar-img wp-post-image\" alt=\"\" loading=\"lazy\" decoding=\"async\" srcset=\"https:\/\/puneva.com\/nakliyat\/wp-content\/uploads\/2025\/10\/E1139EUA.jpeg 590w, https:\/\/puneva.com\/nakliyat\/wp-content\/uploads\/2025\/10\/E1139EUA-200x300.jpeg 200w\" sizes=\"auto, (max-width: 133px) 100vw, 133px\" \/><\/div>\n\t\t<div class=\"hnr-meta\">\n\t\t\t<div class=\"hnr-name\" itemprop=\"author\">Tolga V.<\/div>\n\t\t\t\t\t\t<div class=\"hnr-service\">Asans\u00f6rl\u00fc Ta\u015f\u0131ma<\/div>\n\t\t\t\t\t<\/div>\n\t<\/div>\n\t<div class=\"hnr-stars\" itemprop=\"reviewRating\" itemscope itemtype=\"https:\/\/schema.org\/Rating\">\n\t\t<meta itemprop=\"ratingValue\" content=\"5\"\/>\n\t\t<meta itemprop=\"bestRating\" content=\"5\"\/>\n\t\t\t\t\t<span class=\"star filled\">\u2605<\/span>\n\t\t\t\t\t<span class=\"star filled\">\u2605<\/span>\n\t\t\t\t\t<span class=\"star filled\">\u2605<\/span>\n\t\t\t\t\t<span class=\"star filled\">\u2605<\/span>\n\t\t\t\t\t<span class=\"star filled\">\u2605<\/span>\n\t\t\t<\/div>\n\t<div class=\"hnr-content\" itemprop=\"reviewBody\"><p>\u015eehir i\u00e7i k\u00fc\u00e7\u00fck ta\u015f\u0131mam\u0131zda bile ayn\u0131 ilgi ve alaka.<\/p>\n<p><img fetchpriority=\"high\" decoding=\"async\" class=\"alignnone size-medium wp-image-257\" src=\"https:\/\/puneva.com\/nakliyat\/wp-content\/uploads\/2025\/10\/rad-removals-team-handling-a-protected-mattress-during-a-london-house-move-1920x1446-1-300x226.webp\" alt=\"\" width=\"300\" height=\"226\" srcset=\"https:\/\/puneva.com\/nakliyat\/wp-content\/uploads\/2025\/10\/rad-removals-team-handling-a-protected-mattress-during-a-london-house-move-1920x1446-1-300x226.webp 300w, https:\/\/puneva.com\/nakliyat\/wp-content\/uploads\/2025\/10\/rad-removals-team-handling-a-protected-mattress-during-a-london-house-move-1920x1446-1-1024x771.webp 1024w, https:\/\/puneva.com\/nakliyat\/wp-content\/uploads\/2025\/10\/rad-removals-team-handling-a-protected-mattress-during-a-london-house-move-1920x1446-1-768x578.webp 768w, https:\/\/puneva.com\/nakliyat\/wp-content\/uploads\/2025\/10\/rad-removals-team-handling-a-protected-mattress-during-a-london-house-move-1920x1446-1-1536x1157.webp 1536w, https:\/\/puneva.com\/nakliyat\/wp-content\/uploads\/2025\/10\/rad-removals-team-handling-a-protected-mattress-during-a-london-house-move-1920x1446-1.webp 1920w\" sizes=\"(max-width: 300px) 100vw, 300px\" \/><\/p>\n<\/div>\n\t<time class=\"hnr-date\" itemprop=\"datePublished\" datetime=\"2025-07-27\">\n\t\tTemmuz 27, 2025\t<\/time>\n<\/article>\n<article class=\"hnr-card\" itemscope itemtype=\"https:\/\/schema.org\/Review\">\n\t<div class=\"hnr-top\">\n\t\t<div class=\"hnr-avatar\"><img loading=\"lazy\" width=\"200\" height=\"200\" src=\"https:\/\/puneva.com\/nakliyat\/wp-content\/uploads\/2025\/10\/portrait-beautiful-european-girl-doing-makeup_1077802-175310.avif\" class=\"hnr-avatar-img wp-post-image\" alt=\"\" loading=\"lazy\" decoding=\"async\" srcset=\"https:\/\/puneva.com\/nakliyat\/wp-content\/uploads\/2025\/10\/portrait-beautiful-european-girl-doing-makeup_1077802-175310.avif 626w, https:\/\/puneva.com\/nakliyat\/wp-content\/uploads\/2025\/10\/portrait-beautiful-european-girl-doing-makeup_1077802-175310-300x300.avif 300w, https:\/\/puneva.com\/nakliyat\/wp-content\/uploads\/2025\/10\/portrait-beautiful-european-girl-doing-makeup_1077802-175310-150x150.avif 150w\" sizes=\"auto, (max-width: 200px) 100vw, 200px\" \/><\/div>\n\t\t<div class=\"hnr-meta\">\n\t\t\t<div class=\"hnr-name\" itemprop=\"author\">Merve \u00c7.<\/div>\n\t\t\t\t\t\t<div class=\"hnr-service\">Depolama<\/div>\n\t\t\t\t\t<\/div>\n\t<\/div>\n\t<div class=\"hnr-stars\" itemprop=\"reviewRating\" itemscope itemtype=\"https:\/\/schema.org\/Rating\">\n\t\t<meta itemprop=\"ratingValue\" content=\"5\"\/>\n\t\t<meta itemprop=\"bestRating\" content=\"5\"\/>\n\t\t\t\t\t<span class=\"star filled\">\u2605<\/span>\n\t\t\t\t\t<span class=\"star filled\">\u2605<\/span>\n\t\t\t\t\t<span class=\"star filled\">\u2605<\/span>\n\t\t\t\t\t<span class=\"star filled\">\u2605<\/span>\n\t\t\t\t\t<span class=\"star filled\">\u2605<\/span>\n\t\t\t<\/div>\n\t<div class=\"hnr-content\" itemprop=\"reviewBody\"><p>Evden eve ta\u015f\u0131mada \u00fc\u00e7\u00fcnc\u00fc \u00e7al\u0131\u015fmam\u0131z, kalite hep ayn\u0131.<\/p>\n<p><img decoding=\"async\" class=\"alignnone size-medium wp-image-273\" src=\"https:\/\/puneva.com\/nakliyat\/wp-content\/uploads\/2025\/10\/moving_house-300x200.jpg\" alt=\"\" width=\"300\" height=\"200\" srcset=\"https:\/\/puneva.com\/nakliyat\/wp-content\/uploads\/2025\/10\/moving_house-300x200.jpg 300w, https:\/\/puneva.com\/nakliyat\/wp-content\/uploads\/2025\/10\/moving_house-1024x683.jpg 1024w, https:\/\/puneva.com\/nakliyat\/wp-content\/uploads\/2025\/10\/moving_house-768x512.jpg 768w, https:\/\/puneva.com\/nakliyat\/wp-content\/uploads\/2025\/10\/moving_house.jpg 1267w\" sizes=\"(max-width: 300px) 100vw, 300px\" \/><\/p>\n<\/div>\n\t<time class=\"hnr-date\" itemprop=\"datePublished\" datetime=\"2025-08-31\">\n\t\tA\u011fustos 31, 2025\t<\/time>\n<\/article>\n<article class=\"hnr-card\" itemscope itemtype=\"https:\/\/schema.org\/Review\">\n\t<div class=\"hnr-top\">\n\t\t<div class=\"hnr-avatar\"><img loading=\"lazy\" width=\"200\" height=\"156\" src=\"https:\/\/puneva.com\/nakliyat\/wp-content\/uploads\/2025\/10\/portrait-white-man-isolated_53876-40306.avif\" class=\"hnr-avatar-img wp-post-image\" alt=\"\" loading=\"lazy\" decoding=\"async\" srcset=\"https:\/\/puneva.com\/nakliyat\/wp-content\/uploads\/2025\/10\/portrait-white-man-isolated_53876-40306.avif 740w, https:\/\/puneva.com\/nakliyat\/wp-content\/uploads\/2025\/10\/portrait-white-man-isolated_53876-40306-300x234.avif 300w\" sizes=\"auto, (max-width: 200px) 100vw, 200px\" \/><\/div>\n\t\t<div class=\"hnr-meta\">\n\t\t\t<div class=\"hnr-name\" itemprop=\"author\">Hakan D.<\/div>\n\t\t\t\t\t\t<div class=\"hnr-service\">Ofis Ta\u015f\u0131ma<\/div>\n\t\t\t\t\t<\/div>\n\t<\/div>\n\t<div class=\"hnr-stars\" itemprop=\"reviewRating\" itemscope itemtype=\"https:\/\/schema.org\/Rating\">\n\t\t<meta itemprop=\"ratingValue\" content=\"4\"\/>\n\t\t<meta itemprop=\"bestRating\" content=\"5\"\/>\n\t\t\t\t\t<span class=\"star filled\">\u2605<\/span>\n\t\t\t\t\t<span class=\"star filled\">\u2605<\/span>\n\t\t\t\t\t<span class=\"star filled\">\u2605<\/span>\n\t\t\t\t\t<span class=\"star filled\">\u2605<\/span>\n\t\t\t\t\t<span class=\"star \">\u2605<\/span>\n\t\t\t<\/div>\n\t<div class=\"hnr-content\" itemprop=\"reviewBody\"><p>Eksiksiz sigorta ve s\u00f6zle\u015fme ile g\u00fcven verdi. Tavsiye ederim.<\/p>\n<p><img decoding=\"async\" class=\"alignnone size-medium wp-image-271\" src=\"https:\/\/puneva.com\/nakliyat\/wp-content\/uploads\/2025\/10\/4be145e788ef427a94a60c7361a513b0-300x169.jpg\" alt=\"\" width=\"300\" height=\"169\" srcset=\"https:\/\/puneva.com\/nakliyat\/wp-content\/uploads\/2025\/10\/4be145e788ef427a94a60c7361a513b0-300x169.jpg 300w, https:\/\/puneva.com\/nakliyat\/wp-content\/uploads\/2025\/10\/4be145e788ef427a94a60c7361a513b0-1024x576.jpg 1024w, https:\/\/puneva.com\/nakliyat\/wp-content\/uploads\/2025\/10\/4be145e788ef427a94a60c7361a513b0-768x432.jpg 768w, https:\/\/puneva.com\/nakliyat\/wp-content\/uploads\/2025\/10\/4be145e788ef427a94a60c7361a513b0-1536x864.jpg 1536w, https:\/\/puneva.com\/nakliyat\/wp-content\/uploads\/2025\/10\/4be145e788ef427a94a60c7361a513b0.jpg 1593w\" sizes=\"(max-width: 300px) 100vw, 300px\" \/><\/p>\n<p>&nbsp;<\/p>\n<\/div>\n\t<time class=\"hnr-date\" itemprop=\"datePublished\" datetime=\"2025-08-12\">\n\t\tA\u011fustos 12, 2025\t<\/time>\n<\/article>\n<article class=\"hnr-card\" itemscope itemtype=\"https:\/\/schema.org\/Review\">\n\t<div class=\"hnr-top\">\n\t\t<div class=\"hnr-avatar\"><img loading=\"lazy\" width=\"200\" height=\"127\" src=\"https:\/\/puneva.com\/nakliyat\/wp-content\/uploads\/2025\/10\/istockphoto-1467553187-612x612-1.jpg\" class=\"hnr-avatar-img wp-post-image\" alt=\"\" loading=\"lazy\" decoding=\"async\" srcset=\"https:\/\/puneva.com\/nakliyat\/wp-content\/uploads\/2025\/10\/istockphoto-1467553187-612x612-1.jpg 612w, https:\/\/puneva.com\/nakliyat\/wp-content\/uploads\/2025\/10\/istockphoto-1467553187-612x612-1-300x191.jpg 300w\" sizes=\"auto, (max-width: 200px) 100vw, 200px\" \/><\/div>\n\t\t<div class=\"hnr-meta\">\n\t\t\t<div class=\"hnr-name\" itemprop=\"author\">Burak Y.<\/div>\n\t\t\t\t\t\t<div class=\"hnr-service\">\u015eehirleraras\u0131<\/div>\n\t\t\t\t\t<\/div>\n\t<\/div>\n\t<div class=\"hnr-stars\" itemprop=\"reviewRating\" itemscope itemtype=\"https:\/\/schema.org\/Rating\">\n\t\t<meta itemprop=\"ratingValue\" content=\"4\"\/>\n\t\t<meta itemprop=\"bestRating\" content=\"5\"\/>\n\t\t\t\t\t<span class=\"star filled\">\u2605<\/span>\n\t\t\t\t\t<span class=\"star filled\">\u2605<\/span>\n\t\t\t\t\t<span class=\"star filled\">\u2605<\/span>\n\t\t\t\t\t<span class=\"star filled\">\u2605<\/span>\n\t\t\t\t\t<span class=\"star \">\u2605<\/span>\n\t\t\t<\/div>\n\t<div class=\"hnr-content\" itemprop=\"reviewBody\"><p>\u0130stanbul i\u00e7i nakliyemizde trafik aksamas\u0131na ra\u011fmen s\u00fcreci iyi y\u00f6nettiniz.<\/p>\n<p><img loading=\"lazy\" decoding=\"async\" class=\"alignnone size-medium wp-image-269\" src=\"https:\/\/puneva.com\/nakliyat\/wp-content\/uploads\/2025\/10\/moving-truck-300x183.jpg\" alt=\"\" width=\"300\" height=\"183\" srcset=\"https:\/\/puneva.com\/nakliyat\/wp-content\/uploads\/2025\/10\/moving-truck-300x183.jpg 300w, https:\/\/puneva.com\/nakliyat\/wp-content\/uploads\/2025\/10\/moving-truck-768x468.jpg 768w, https:\/\/puneva.com\/nakliyat\/wp-content\/uploads\/2025\/10\/moving-truck.jpg 1025w\" sizes=\"(max-width: 300px) 100vw, 300px\" \/><\/p>\n<\/div>\n\t<time class=\"hnr-date\" itemprop=\"datePublished\" datetime=\"2025-08-28\">\n\t\tA\u011fustos 28, 2025\t<\/time>\n<\/article>\n<article class=\"hnr-card\" itemscope itemtype=\"https:\/\/schema.org\/Review\">\n\t<div class=\"hnr-top\">\n\t\t<div class=\"hnr-avatar\"><img loading=\"lazy\" width=\"200\" height=\"200\" src=\"https:\/\/puneva.com\/nakliyat\/wp-content\/uploads\/2025\/10\/who-will-become-the-next-american-idol-the-top-3-finalists-news-photo-1719931434.avif\" class=\"hnr-avatar-img wp-post-image\" alt=\"\" loading=\"lazy\" decoding=\"async\" srcset=\"https:\/\/puneva.com\/nakliyat\/wp-content\/uploads\/2025\/10\/who-will-become-the-next-american-idol-the-top-3-finalists-news-photo-1719931434.avif 1197w, https:\/\/puneva.com\/nakliyat\/wp-content\/uploads\/2025\/10\/who-will-become-the-next-american-idol-the-top-3-finalists-news-photo-1719931434-300x300.avif 300w, https:\/\/puneva.com\/nakliyat\/wp-content\/uploads\/2025\/10\/who-will-become-the-next-american-idol-the-top-3-finalists-news-photo-1719931434-1024x1021.avif 1024w, https:\/\/puneva.com\/nakliyat\/wp-content\/uploads\/2025\/10\/who-will-become-the-next-american-idol-the-top-3-finalists-news-photo-1719931434-150x150.avif 150w, https:\/\/puneva.com\/nakliyat\/wp-content\/uploads\/2025\/10\/who-will-become-the-next-american-idol-the-top-3-finalists-news-photo-1719931434-768x766.avif 768w\" sizes=\"auto, (max-width: 200px) 100vw, 200px\" \/><\/div>\n\t\t<div class=\"hnr-meta\">\n\t\t\t<div class=\"hnr-name\" itemprop=\"author\">Zeynep A.<\/div>\n\t\t\t\t\t\t<div class=\"hnr-service\">Depolama<\/div>\n\t\t\t\t\t<\/div>\n\t<\/div>\n\t<div class=\"hnr-stars\" itemprop=\"reviewRating\" itemscope itemtype=\"https:\/\/schema.org\/Rating\">\n\t\t<meta itemprop=\"ratingValue\" content=\"5\"\/>\n\t\t<meta itemprop=\"bestRating\" content=\"5\"\/>\n\t\t\t\t\t<span class=\"star filled\">\u2605<\/span>\n\t\t\t\t\t<span class=\"star filled\">\u2605<\/span>\n\t\t\t\t\t<span class=\"star filled\">\u2605<\/span>\n\t\t\t\t\t<span class=\"star filled\">\u2605<\/span>\n\t\t\t\t\t<span class=\"star filled\">\u2605<\/span>\n\t\t\t<\/div>\n\t<div class=\"hnr-content\" itemprop=\"reviewBody\"><p>K\u0131r\u0131lacak e\u015fyalar\u0131 ayr\u0131 paketlediler, montaj demontaj h\u0131zl\u0131yd\u0131.<\/p>\n<p><img loading=\"lazy\" decoding=\"async\" class=\"alignnone size-medium wp-image-267\" src=\"https:\/\/puneva.com\/nakliyat\/wp-content\/uploads\/2025\/10\/istanbul-esya-depolama-1-300x169.jpg\" alt=\"\" width=\"300\" height=\"169\" srcset=\"https:\/\/puneva.com\/nakliyat\/wp-content\/uploads\/2025\/10\/istanbul-esya-depolama-1-300x169.jpg 300w, https:\/\/puneva.com\/nakliyat\/wp-content\/uploads\/2025\/10\/istanbul-esya-depolama-1.jpg 600w\" sizes=\"(max-width: 300px) 100vw, 300px\" \/><\/p>\n<p>&nbsp;<\/p>\n<\/div>\n\t<time class=\"hnr-date\" itemprop=\"datePublished\" datetime=\"2025-06-19\">\n\t\tHaziran 19, 2025\t<\/time>\n<\/article>\n<article class=\"hnr-card\" itemscope itemtype=\"https:\/\/schema.org\/Review\">\n\t<div class=\"hnr-top\">\n\t\t<div class=\"hnr-avatar\"><img loading=\"lazy\" width=\"200\" height=\"133\" src=\"https:\/\/puneva.com\/nakliyat\/wp-content\/uploads\/2025\/10\/360_F_325735908_TkxHU7okor9CTWHBhkGfdRumONWfIDEb.jpg\" class=\"hnr-avatar-img wp-post-image\" alt=\"\" loading=\"lazy\" decoding=\"async\" srcset=\"https:\/\/puneva.com\/nakliyat\/wp-content\/uploads\/2025\/10\/360_F_325735908_TkxHU7okor9CTWHBhkGfdRumONWfIDEb.jpg 540w, https:\/\/puneva.com\/nakliyat\/wp-content\/uploads\/2025\/10\/360_F_325735908_TkxHU7okor9CTWHBhkGfdRumONWfIDEb-300x200.jpg 300w\" sizes=\"auto, (max-width: 200px) 100vw, 200px\" \/><\/div>\n\t\t<div class=\"hnr-meta\">\n\t\t\t<div class=\"hnr-name\" itemprop=\"author\">Caner U.<\/div>\n\t\t\t\t\t\t<div class=\"hnr-service\">Depolama<\/div>\n\t\t\t\t\t<\/div>\n\t<\/div>\n\t<div class=\"hnr-stars\" itemprop=\"reviewRating\" itemscope itemtype=\"https:\/\/schema.org\/Rating\">\n\t\t<meta itemprop=\"ratingValue\" content=\"4\"\/>\n\t\t<meta itemprop=\"bestRating\" content=\"5\"\/>\n\t\t\t\t\t<span class=\"star filled\">\u2605<\/span>\n\t\t\t\t\t<span class=\"star filled\">\u2605<\/span>\n\t\t\t\t\t<span class=\"star filled\">\u2605<\/span>\n\t\t\t\t\t<span class=\"star filled\">\u2605<\/span>\n\t\t\t\t\t<span class=\"star \">\u2605<\/span>\n\t\t\t<\/div>\n\t<div class=\"hnr-content\" itemprop=\"reviewBody\"><p>Randevu saatine tam zaman\u0131nda geldiler. Fiyat\/performans \u00e7ok iyi.<\/p>\n<p><img loading=\"lazy\" decoding=\"async\" class=\"alignnone size-medium wp-image-263\" src=\"https:\/\/puneva.com\/nakliyat\/wp-content\/uploads\/2025\/10\/nak18-300x203.jpg\" alt=\"\" width=\"300\" height=\"203\" srcset=\"https:\/\/puneva.com\/nakliyat\/wp-content\/uploads\/2025\/10\/nak18-300x203.jpg 300w, https:\/\/puneva.com\/nakliyat\/wp-content\/uploads\/2025\/10\/nak18.jpg 666w\" sizes=\"(max-width: 300px) 100vw, 300px\" \/><\/p>\n<\/div>\n\t<time class=\"hnr-date\" itemprop=\"datePublished\" datetime=\"2025-07-17\">\n\t\tTemmuz 17, 2025\t<\/time>\n<\/article>\n<article class=\"hnr-card\" itemscope itemtype=\"https:\/\/schema.org\/Review\">\n\t<div class=\"hnr-top\">\n\t\t<div class=\"hnr-avatar\"><img loading=\"lazy\" width=\"200\" height=\"133\" src=\"https:\/\/puneva.com\/nakliyat\/wp-content\/uploads\/2025\/10\/istockphoto-1987655119-612x612-1.jpg\" class=\"hnr-avatar-img wp-post-image\" alt=\"\" loading=\"lazy\" decoding=\"async\" srcset=\"https:\/\/puneva.com\/nakliyat\/wp-content\/uploads\/2025\/10\/istockphoto-1987655119-612x612-1.jpg 612w, https:\/\/puneva.com\/nakliyat\/wp-content\/uploads\/2025\/10\/istockphoto-1987655119-612x612-1-300x200.jpg 300w\" sizes=\"auto, (max-width: 200px) 100vw, 200px\" \/><\/div>\n\t\t<div class=\"hnr-meta\">\n\t\t\t<div class=\"hnr-name\" itemprop=\"author\">Elif S.<\/div>\n\t\t\t\t\t\t<div class=\"hnr-service\">Evden Eve<\/div>\n\t\t\t\t\t<\/div>\n\t<\/div>\n\t<div class=\"hnr-stars\" itemprop=\"reviewRating\" itemscope itemtype=\"https:\/\/schema.org\/Rating\">\n\t\t<meta itemprop=\"ratingValue\" content=\"4\"\/>\n\t\t<meta itemprop=\"bestRating\" content=\"5\"\/>\n\t\t\t\t\t<span class=\"star filled\">\u2605<\/span>\n\t\t\t\t\t<span class=\"star filled\">\u2605<\/span>\n\t\t\t\t\t<span class=\"star filled\">\u2605<\/span>\n\t\t\t\t\t<span class=\"star filled\">\u2605<\/span>\n\t\t\t\t\t<span class=\"star \">\u2605<\/span>\n\t\t\t<\/div>\n\t<div class=\"hnr-content\" itemprop=\"reviewBody\"><p>Ofis ta\u015f\u0131mam\u0131z\u0131 mesai d\u0131\u015f\u0131 k\u0131sa s\u00fcrede bitirdiler, profesyonel ekip te\u015fekk\u00fcrler.<\/p>\n<p><img loading=\"lazy\" decoding=\"async\" class=\"alignnone wp-image-262\" src=\"https:\/\/puneva.com\/nakliyat\/wp-content\/uploads\/2025\/10\/kartal-ofis-tasima-300x250.webp\" alt=\"\" width=\"254\" height=\"212\" srcset=\"https:\/\/puneva.com\/nakliyat\/wp-content\/uploads\/2025\/10\/kartal-ofis-tasima-300x250.webp 300w, https:\/\/puneva.com\/nakliyat\/wp-content\/uploads\/2025\/10\/kartal-ofis-tasima-1024x853.webp 1024w, https:\/\/puneva.com\/nakliyat\/wp-content\/uploads\/2025\/10\/kartal-ofis-tasima-768x640.webp 768w, https:\/\/puneva.com\/nakliyat\/wp-content\/uploads\/2025\/10\/kartal-ofis-tasima.webp 1200w\" sizes=\"(max-width: 254px) 100vw, 254px\" \/><\/p>\n<\/div>\n\t<time class=\"hnr-date\" itemprop=\"datePublished\" datetime=\"2025-08-11\">\n\t\tA\u011fustos 11, 2025\t<\/time>\n<\/article>\n<article class=\"hnr-card\" itemscope itemtype=\"https:\/\/schema.org\/Review\">\n\t<div class=\"hnr-top\">\n\t\t<div class=\"hnr-avatar\"><img loading=\"lazy\" width=\"133\" height=\"200\" src=\"https:\/\/puneva.com\/nakliyat\/wp-content\/uploads\/2025\/10\/depositphotos_44309759-stock-photo-young-indian-man-outdoors.jpg\" class=\"hnr-avatar-img wp-post-image\" alt=\"\" loading=\"lazy\" decoding=\"async\" srcset=\"https:\/\/puneva.com\/nakliyat\/wp-content\/uploads\/2025\/10\/depositphotos_44309759-stock-photo-young-indian-man-outdoors.jpg 682w, https:\/\/puneva.com\/nakliyat\/wp-content\/uploads\/2025\/10\/depositphotos_44309759-stock-photo-young-indian-man-outdoors-200x300.jpg 200w\" sizes=\"auto, (max-width: 133px) 100vw, 133px\" \/><\/div>\n\t\t<div class=\"hnr-meta\">\n\t\t\t<div class=\"hnr-name\" itemprop=\"author\">Mehmet T.<\/div>\n\t\t\t\t\t\t<div class=\"hnr-service\">\u015eehirleraras\u0131<\/div>\n\t\t\t\t\t<\/div>\n\t<\/div>\n\t<div class=\"hnr-stars\" itemprop=\"reviewRating\" itemscope itemtype=\"https:\/\/schema.org\/Rating\">\n\t\t<meta itemprop=\"ratingValue\" content=\"4\"\/>\n\t\t<meta itemprop=\"bestRating\" content=\"5\"\/>\n\t\t\t\t\t<span class=\"star filled\">\u2605<\/span>\n\t\t\t\t\t<span class=\"star filled\">\u2605<\/span>\n\t\t\t\t\t<span class=\"star filled\">\u2605<\/span>\n\t\t\t\t\t<span class=\"star filled\">\u2605<\/span>\n\t\t\t\t\t<span class=\"star \">\u2605<\/span>\n\t\t\t<\/div>\n\t<div class=\"hnr-content\" itemprop=\"reviewBody\"><p>Asans\u00f6rl\u00fc ta\u015f\u0131mada e\u015fyalar\u0131m\u0131za tek \u00e7izik gelmedi. Paketleme harikayd\u0131.<\/p>\n<p><img loading=\"lazy\" decoding=\"async\" class=\"alignnone size-medium wp-image-259\" src=\"https:\/\/puneva.com\/nakliyat\/wp-content\/uploads\/2025\/10\/asansorlu-nakliyat-300x208.jpg\" alt=\"\" width=\"300\" height=\"208\" srcset=\"https:\/\/puneva.com\/nakliyat\/wp-content\/uploads\/2025\/10\/asansorlu-nakliyat-300x208.jpg 300w, https:\/\/puneva.com\/nakliyat\/wp-content\/uploads\/2025\/10\/asansorlu-nakliyat-768x532.jpg 768w, https:\/\/puneva.com\/nakliyat\/wp-content\/uploads\/2025\/10\/asansorlu-nakliyat.jpg 780w\" sizes=\"(max-width: 300px) 100vw, 300px\" \/><\/p>\n<\/div>\n\t<time class=\"hnr-date\" itemprop=\"datePublished\" datetime=\"2025-08-09\">\n\t\tA\u011fustos 9, 2025\t<\/time>\n<\/article>\n<\/div>\t\t\t\t<\/div>\n\t\t\t\t<\/div>\n\t\t\t\t\t<\/div>\n\t\t<\/div>\n\t\t\t\t\t<\/div>\n\t\t<\/section>\n\t\t\t\t<section class=\"elementor-section elementor-top-section elementor-element elementor-element-6af0b9e elementor-section-boxed elementor-section-height-default elementor-section-height-default\" data-id=\"6af0b9e\" data-element_type=\"section\">\n\t\t\t\t\t\t<div class=\"elementor-container elementor-column-gap-default\">\n\t\t\t\t\t<div class=\"elementor-column elementor-col-100 elementor-top-column elementor-element elementor-element-f46a320\" data-id=\"f46a320\" data-element_type=\"column\">\n\t\t\t<div class=\"elementor-widget-wrap elementor-element-populated\">\n\t\t\t\t\t\t<div class=\"elementor-element elementor-element-0f24e71 elementor-widget elementor-widget-han_heading\" data-id=\"0f24e71\" data-element_type=\"widget\" data-widget_type=\"han_heading.default\">\n\t\t\t\t<div class=\"elementor-widget-container\">\n\t\t\t\t\t<div class=\"han-heading\"><div class=\"han-head\"><div class=\"han-left\"><h2 class=\"han-title\">Yorum B\u0131rak\u0131n<\/h2><\/div><\/div><\/div>\t\t\t\t<\/div>\n\t\t\t\t<\/div>\n\t\t\t\t<div class=\"elementor-element elementor-element-b83ad33 elementor-widget elementor-widget-shortcode\" data-id=\"b83ad33\" data-element_type=\"widget\" data-widget_type=\"shortcode.default\">\n\t\t\t\t\t\t\t<div class=\"elementor-shortcode\">\t\t<form class=\"hnr-form hnr-inline\" id=\"hnr-form\" enctype=\"multipart\/form-data\">\n\t\t\t<input type=\"text\" class=\"hnr-i hnr-name\" name=\"customer_name\" placeholder=\"Ad Soyad\" required \/>\n\t\t\t<input type=\"text\" class=\"hnr-i hnr-service\" name=\"service\" placeholder=\"Hizmet\" \/>\n\t\t\t<input type=\"date\" class=\"hnr-i hnr-date\" name=\"review_date\" placeholder=\"Tarih\" \/>\n\t\t\t<select class=\"hnr-i hnr-rating\" name=\"rating\" required>\n\t\t\t\t<option value=\"5\">5 \u2605<\/option>\n\t\t\t\t<option value=\"4\">4 \u2605<\/option>\n\t\t\t\t<option value=\"3\">3 \u2605<\/option>\n\t\t\t\t<option value=\"2\">2 \u2605<\/option>\n\t\t\t\t<option value=\"1\">1 \u2605<\/option>\n\t\t\t<\/select>\n\t\t\t<input type=\"file\" class=\"hnr-i hnr-file\" name=\"image\" accept=\"image\/*\" \/>\n\t\t\t<input type=\"text\" class=\"hnr-i hnr-comment\" name=\"comment\" placeholder=\"Yorum\" required \/>\n\t\t\t<button type=\"submit\">G\u00f6nder<\/button>\n\t\t\t<input type=\"hidden\" name=\"action\" value=\"hnr_submit_review\" \/>\n\t\t<\/form>\n\t\t<div class=\"hnr-form-result\" id=\"hnr-form-result\" role=\"status\" aria-live=\"polite\"><\/div>\n\t\t\n<\/div>\n\t\t\t\t\t\t<\/div>\n\t\t\t\t\t<\/div>\n\t\t<\/div>\n\t\t\t\t\t<\/div>\n\t\t<\/section>\n\t\t\t\t<\/div>\n\t\t","protected":false},"excerpt":{"rendered":"<p>Tolga V. Asans\u00f6rl\u00fc Ta\u015f\u0131ma \u2605 \u2605 \u2605 \u2605 \u2605 \u015eehir i\u00e7i k\u00fc\u00e7\u00fck ta\u015f\u0131mam\u0131zda bile ayn\u0131 ilgi ve alaka. Temmuz 27, 2025 Merve \u00c7. Depolama \u2605 \u2605 \u2605 \u2605 \u2605 Evden eve ta\u015f\u0131mada \u00fc\u00e7\u00fcnc\u00fc \u00e7al\u0131\u015fmam\u0131z, kalite hep ayn\u0131. A\u011fustos 31, 2025 Hakan D. Ofis Ta\u015f\u0131ma \u2605 \u2605 \u2605 \u2605 \u2605 Eksiksiz sigorta ve s\u00f6zle\u015fme ile g\u00fcven [&hellip;]<\/p>\n","protected":false},"author":1,"featured_media":0,"parent":0,"menu_order":0,"comment_status":"closed","ping_status":"closed","template":"elementor_header_footer","meta":{"footnotes":""},"class_list":["post-14","page","type-page","status-publish","hentry"],"_links":{"self":[{"href":"https:\/\/puneva.com\/nakliyat\/wp-json\/wp\/v2\/pages\/14","targetHints":{"allow":["GET"]}}],"collection":[{"href":"https:\/\/puneva.com\/nakliyat\/wp-json\/wp\/v2\/pages"}],"about":[{"href":"https:\/\/puneva.com\/nakliyat\/wp-json\/wp\/v2\/types\/page"}],"author":[{"embeddable":true,"href":"https:\/\/puneva.com\/nakliyat\/wp-json\/wp\/v2\/users\/1"}],"replies":[{"embeddable":true,"href":"https:\/\/puneva.com\/nakliyat\/wp-json\/wp\/v2\/comments?post=14"}],"version-history":[{"count":0,"href":"https:\/\/puneva.com\/nakliyat\/wp-json\/wp\/v2\/pages\/14\/revisions"}],"wp:attachment":[{"href":"https:\/\/puneva.com\/nakliyat\/wp-json\/wp\/v2\/media?parent=14"}],"curies":[{"name":"wp","href":"https:\/\/api.w.org\/{rel}","templated":true}]}}