{"id":15,"date":"2025-10-14T13:13:46","date_gmt":"2025-10-14T13:13:46","guid":{"rendered":"https:\/\/puneva.com\/nakliyat\/?page_id=15"},"modified":"2025-10-15T00:07:26","modified_gmt":"2025-10-15T00:07:26","slug":"iletisim","status":"publish","type":"page","link":"https:\/\/puneva.com\/nakliyat\/iletisim\/","title":{"rendered":"\u0130leti\u015fim"},"content":{"rendered":"\t\t<div data-elementor-type=\"wp-page\" data-elementor-id=\"15\" class=\"elementor elementor-15\" data-elementor-post-type=\"page\">\n\t\t\t\t\t\t<section class=\"elementor-section elementor-top-section elementor-element elementor-element-32eb1b4a elementor-section-boxed elementor-section-height-default elementor-section-height-default\" data-id=\"32eb1b4a\" data-element_type=\"section\" data-settings=\"{&quot;background_background&quot;:&quot;gradient&quot;}\">\n\t\t\t\t\t\t<div class=\"elementor-container elementor-column-gap-default\">\n\t\t\t\t\t<div class=\"elementor-column elementor-col-100 elementor-top-column elementor-element elementor-element-1a3cd89d\" data-id=\"1a3cd89d\" data-element_type=\"column\">\n\t\t\t<div class=\"elementor-widget-wrap elementor-element-populated\">\n\t\t\t\t\t\t\t<\/div>\n\t\t<\/div>\n\t\t\t\t\t<\/div>\n\t\t<\/section>\n\t\t\t\t<section class=\"elementor-section elementor-top-section elementor-element elementor-element-7b48cbb elementor-section-boxed elementor-section-height-default elementor-section-height-default\" data-id=\"7b48cbb\" data-element_type=\"section\">\n\t\t\t\t\t\t<div class=\"elementor-container elementor-column-gap-default\">\n\t\t\t\t\t<div class=\"elementor-column elementor-col-100 elementor-top-column elementor-element elementor-element-fadaf4b\" data-id=\"fadaf4b\" data-element_type=\"column\">\n\t\t\t<div class=\"elementor-widget-wrap elementor-element-populated\">\n\t\t\t\t\t\t<div class=\"elementor-element elementor-element-708df17 elementor-widget elementor-widget-han-contact\" data-id=\"708df17\" data-element_type=\"widget\" data-widget_type=\"han-contact.default\">\n\t\t\t\t<div class=\"elementor-widget-container\">\n\t\t\t\t\t<section class=\"han-contact\"><div class=\"han-contact__infobar\"><div class=\"han-contact__ibox\"><div class=\"han-contact__ibox-ico\"><i class=\"fa-solid fa-location-dot\"><\/i><\/div><div class=\"han-contact__ibox-body\"><div class=\"han-contact__ibox-title\">Ofis Lokasyonu<\/div><div class=\"han-contact__ibox-line\">Han Tema - \u0130stanbul<\/div><div class=\"han-contact__ibox-sub\">T\u00fcrkiye<\/div><\/div><\/div><div class=\"han-contact__ibox-sep\" aria-hidden=\"true\"><\/div><div class=\"han-contact__ibox\"><div class=\"han-contact__ibox-ico\"><i class=\"fa-solid fa-phone\"><\/i><\/div><div class=\"han-contact__ibox-body\"><div class=\"han-contact__ibox-title\">Telefon Numaras\u0131<\/div><div class=\"han-contact__ibox-line\">0546 877 8664<\/div><div class=\"han-contact__ibox-sub\">7\/24 Destek<\/div><\/div><\/div><div class=\"han-contact__ibox-sep\" aria-hidden=\"true\"><\/div><div class=\"han-contact__ibox\"><div class=\"han-contact__ibox-ico\"><i class=\"fa-solid fa-envelope\"><\/i><\/div><div class=\"han-contact__ibox-body\"><div class=\"han-contact__ibox-title\">E-posta Adresi<\/div><div class=\"han-contact__ibox-line\">info@siteadresin.com<\/div><div class=\"han-contact__ibox-sub\">destek@siteadresin.com<\/div><\/div><\/div><\/div><div class=\"han-contact__content\"><div class=\"han-contact__card\"><h3 class=\"han-contact__title\">Bize mesaj g\u00f6nderin<\/h3><div class=\"han-contact__desc\">Sorular\u0131n\u0131z i\u00e7in formu doldurun, en k\u0131sa s\u00fcrede d\u00f6n\u00fc\u015f yapal\u0131m.<\/div><form class=\"han-contact__form\" onsubmit=\"return false\"><div class=\"han-contact__grid\"><label><span>Ad Soyad<\/span><input type=\"text\" placeholder=\"Ad\u0131n\u0131z\" required><\/label><label><span>Telefon<\/span><input type=\"tel\" placeholder=\"0546 877 8664\"><\/label><label><span>E-posta<\/span><input type=\"email\" placeholder=\"mail@adresiniz.com\"><\/label><label><span>Konu<\/span><input type=\"text\" placeholder=\"Konu\"><\/label><label class=\"han-contact__full\"><span>Mesaj<\/span><textarea rows=\"4\" placeholder=\"Mesaj\u0131n\u0131z\"><\/textarea><\/label><\/div><button type=\"submit\" class=\"han-contact__btn\"><i class=\"fa-solid fa-paper-plane\"><\/i> Mesaj G\u00f6nder<\/button><\/form><\/div><div class=\"han-contact__map\"><iframe src=\"https:\/\/www.google.com\/maps?q=\u0130stanbul&#038;output=embed\" loading=\"lazy\" referrerpolicy=\"no-referrer-when-downgrade\"><\/iframe><\/div><\/div><\/section>\t\t\t\t<\/div>\n\t\t\t\t<\/div>\n\t\t\t\t\t<\/div>\n\t\t<\/div>\n\t\t\t\t\t<\/div>\n\t\t<\/section>\n\t\t\t\t<\/div>\n\t\t","protected":false},"excerpt":{"rendered":"<p>Ofis LokasyonuHan Tema &#8211; \u0130stanbulT\u00fcrkiyeTelefon Numaras\u01310546 877 86647\/24 DestekE-posta Adresiinfo@siteadresin.comdestek@siteadresin.com Bize mesaj g\u00f6nderin Sorular\u0131n\u0131z i\u00e7in formu doldurun, en k\u0131sa s\u00fcrede d\u00f6n\u00fc\u015f yapal\u0131m. Ad SoyadTelefonE-postaKonuMesaj Mesaj G\u00f6nder<\/p>\n","protected":false},"author":1,"featured_media":0,"parent":0,"menu_order":0,"comment_status":"closed","ping_status":"closed","template":"elementor_header_footer","meta":{"footnotes":""},"class_list":["post-15","page","type-page","status-publish","hentry"],"_links":{"self":[{"href":"https:\/\/puneva.com\/nakliyat\/wp-json\/wp\/v2\/pages\/15","targetHints":{"allow":["GET"]}}],"collection":[{"href":"https:\/\/puneva.com\/nakliyat\/wp-json\/wp\/v2\/pages"}],"about":[{"href":"https:\/\/puneva.com\/nakliyat\/wp-json\/wp\/v2\/types\/page"}],"author":[{"embeddable":true,"href":"https:\/\/puneva.com\/nakliyat\/wp-json\/wp\/v2\/users\/1"}],"replies":[{"embeddable":true,"href":"https:\/\/puneva.com\/nakliyat\/wp-json\/wp\/v2\/comments?post=15"}],"version-history":[{"count":0,"href":"https:\/\/puneva.com\/nakliyat\/wp-json\/wp\/v2\/pages\/15\/revisions"}],"wp:attachment":[{"href":"https:\/\/puneva.com\/nakliyat\/wp-json\/wp\/v2\/media?parent=15"}],"curies":[{"name":"wp","href":"https:\/\/api.w.org\/{rel}","templated":true}]}}